{"id":71574,"date":"2024-04-03T14:11:42","date_gmt":"2024-04-03T14:11:42","guid":{"rendered":"https:\/\/www.mondanimacio.com\/?page_id=71574"},"modified":"2024-04-03T14:13:26","modified_gmt":"2024-04-03T14:13:26","slug":"canal-de-denuncias","status":"publish","type":"page","link":"https:\/\/www.mondanimacio.com\/es\/canal-de-denuncias\/","title":{"rendered":"Canal de denuncias"},"content":{"rendered":"<p>[et_pb_section fb_built=\u00bb1&#8243; _builder_version=\u00bb4.24.2&#8243; _module_preset=\u00bbdefault\u00bb background_color=\u00bb#203478&#8243; custom_padding=\u00bb42px||42px||true|\u00bb saved_tabs=\u00bball\u00bb global_colors_info=\u00bb{}\u00bb][et_pb_row _builder_version=\u00bb4.24.2&#8243; _module_preset=\u00bbdefault\u00bb global_colors_info=\u00bb{}\u00bb][et_pb_column type=\u00bb4_4&#8243; _builder_version=\u00bb4.24.2&#8243; _module_preset=\u00bbdefault\u00bb global_colors_info=\u00bb{}\u00bb][et_pb_text _builder_version=\u00bb4.24.2&#8243; _dynamic_attributes=\u00bbcontent\u00bb _module_preset=\u00bbdefault\u00bb header_font=\u00bb|700|||||||\u00bb header_text_color=\u00bb#FFFFFF\u00bb header_font_size=\u00bb38px\u00bb header_font_size_tablet=\u00bb34px\u00bb header_font_size_phone=\u00bb30px\u00bb header_font_size_last_edited=\u00bbon|phone\u00bb global_colors_info=\u00bb{}\u00bb]@ET-DC@eyJkeW5hbWljIjp0cnVlLCJjb250ZW50IjoicG9zdF90aXRsZSIsInNldHRpbmdzIjp7ImJlZm9yZSI6IjxoMT4iLCJhZnRlciI6IjwvaDE+IiwiZW5hYmxlX2h0bWwiOiJvZmYifX0=@[\/et_pb_text][\/et_pb_column][\/et_pb_row][\/et_pb_section][et_pb_section fb_built=\u00bb1&#8243; _builder_version=\u00bb4.24.2&#8243; _module_preset=\u00bbdefault\u00bb global_colors_info=\u00bb{}\u00bb][et_pb_row _builder_version=\u00bb4.24.2&#8243; _module_preset=\u00bbdefault\u00bb global_colors_info=\u00bb{}\u00bb][et_pb_column type=\u00bb4_4&#8243; _builder_version=\u00bb4.24.2&#8243; _module_preset=\u00bbdefault\u00bb global_colors_info=\u00bb{}\u00bb][et_pb_text _builder_version=\u00bb4.24.3&#8243; _module_preset=\u00bbdefault\u00bb hover_enabled=\u00bb0&#8243; global_colors_info=\u00bb{}\u00bb sticky_enabled=\u00bb0&#8243;]<\/p>\n<p>GESTIONA CULTURA SLU (m\u00d3n d\u2019animaci\u00d3, serveis socioculturals) quiere generar un entorno de transparencia y honestidad, fomentando el respeto de la legalidad y las normas de conducta establecidas en el C\u00f3digo \u00c9tico.<\/p>\n<p>Con este fin, GESTIONA CULTURA SLU cuenta con un Sistema interno de informaci\u00f3n para facilitar la denuncia o informaci\u00f3n de manera confidencial sobre posibles hechos o conductas irregulares o de potenciales actos il\u00edcitos o contrarios a la ley en los que haya intervenido la empresa o alguno de sus miembros. Los principios esenciales del Canal interno son los siguientes:<\/p>\n<ul>\n<li>ANONIMATO O A T\u00cdTULO PERSONAL. Las comunicaciones pueden realizarse de forma an\u00f3nima o a t\u00edtulo personal. Realizarlas a t\u00edtulo personal permitir\u00e1 recabar m\u00e1s informaci\u00f3n en caso de ser necesario, para darle la debida atenci\u00f3n y seguimiento a los comentarios o denuncias. Cabe resaltar el que en todo caso la identidad de las personas ser\u00e1 guardada con absoluta confidencialidad.<\/li>\n<li>PROHIBICI\u00d3N DE REPRESALIAS. Ausencia de represalias contra cualquier persona que hubiera realizado una denuncia de buena fe.<\/li>\n<li>La confidencialidad de la identidad del informante y de cualquier tercero mencionado en la comunicaci\u00f3n, as\u00ed como la protecci\u00f3n de los datos personales constituye un principio esencial en la gesti\u00f3n de las comunicaciones recibidas.<\/li>\n<li>DERECHOS DE LAS PERSONAS AFECTADAS. Se garantizan los derechos a la intimidad, al honor, a la defensa y a la presunci\u00f3n de inocencia de las personas investigadas y afectadas.<\/li>\n<\/ul>\n<p>Existen, adem\u00e1s, canales externos de informaci\u00f3n a los que el informante puede dirigir sus comunicaciones si lo considera conveniente. En ese caso deben dirigirse a la Autoridad Independiente de Protecci\u00f3n del Informante o a cualquiera otra instituci\u00f3n, \u00f3rgano u organismo competente.<\/p>\n<p>Por \u00faltimo, utilice este Canal de forma consciente y responsable evitando un uso abusivo y de mala fe. Por ello, es importante que solo transmita aquella informaci\u00f3n que razonablemente sea veraz<em>.<\/em><\/p>\n<p>[\/et_pb_text][et_pb_button button_url=\u00bbhttps:\/\/app.turgpd.es\/denuncias\/6ppxM6&#8243; url_new_window=\u00bbon\u00bb button_text=\u00bbIr al canal de denuncias\u00bb _builder_version=\u00bb4.24.3&#8243; _module_preset=\u00bbdefault\u00bb custom_button=\u00bbon\u00bb button_text_size=\u00bb16px\u00bb button_text_color=\u00bb#FFFFFF\u00bb button_bg_color=\u00bb#D4006C\u00bb button_border_width=\u00bb0px\u00bb button_border_radius=\u00bb61px\u00bb hover_enabled=\u00bb0&#8243; global_colors_info=\u00bb{}\u00bb locked=\u00bboff\u00bb sticky_enabled=\u00bb0&#8243;][\/et_pb_button][\/et_pb_column][\/et_pb_row][\/et_pb_section]<\/p>\n","protected":false},"excerpt":{"rendered":"<p>GESTIONA CULTURA SLU (m\u00d3n d\u2019animaci\u00d3, serveis socioculturals) quiere generar un entorno de transparencia y honestidad, fomentando el respeto de la legalidad y las normas de conducta establecidas en el C\u00f3digo \u00c9tico. Con este fin, GESTIONA CULTURA SLU cuenta con un Sistema interno de informaci\u00f3n para facilitar la denuncia o informaci\u00f3n de manera confidencial sobre posibles [&hellip;]<\/p>\n","protected":false},"author":1,"featured_media":0,"parent":0,"menu_order":0,"comment_status":"closed","ping_status":"closed","template":"","meta":{"_et_pb_use_builder":"on","_et_pb_old_content":"","_et_gb_content_width":"","footnotes":""},"class_list":["post-71574","page","type-page","status-publish","hentry"],"_links":{"self":[{"href":"https:\/\/www.mondanimacio.com\/es\/wp-json\/wp\/v2\/pages\/71574","targetHints":{"allow":["GET"]}}],"collection":[{"href":"https:\/\/www.mondanimacio.com\/es\/wp-json\/wp\/v2\/pages"}],"about":[{"href":"https:\/\/www.mondanimacio.com\/es\/wp-json\/wp\/v2\/types\/page"}],"author":[{"embeddable":true,"href":"https:\/\/www.mondanimacio.com\/es\/wp-json\/wp\/v2\/users\/1"}],"replies":[{"embeddable":true,"href":"https:\/\/www.mondanimacio.com\/es\/wp-json\/wp\/v2\/comments?post=71574"}],"version-history":[{"count":3,"href":"https:\/\/www.mondanimacio.com\/es\/wp-json\/wp\/v2\/pages\/71574\/revisions"}],"predecessor-version":[{"id":71578,"href":"https:\/\/www.mondanimacio.com\/es\/wp-json\/wp\/v2\/pages\/71574\/revisions\/71578"}],"wp:attachment":[{"href":"https:\/\/www.mondanimacio.com\/es\/wp-json\/wp\/v2\/media?parent=71574"}],"curies":[{"name":"wp","href":"https:\/\/api.w.org\/{rel}","templated":true}]}}