{"id":71526,"date":"2024-03-07T10:49:34","date_gmt":"2024-03-07T10:49:34","guid":{"rendered":"https:\/\/www.mondanimacio.com\/trabaja-con-nosotras\/"},"modified":"2024-04-02T13:38:48","modified_gmt":"2024-04-02T13:38:48","slug":"trabaja-con-nosotras","status":"publish","type":"page","link":"https:\/\/www.mondanimacio.com\/es\/trabaja-con-nosotras\/","title":{"rendered":"Trabaja con nosotras"},"content":{"rendered":"<p>[et_pb_section fb_built=\u00bb1&#8243; _builder_version=\u00bb4.24.2&#8243; _module_preset=\u00bbdefault\u00bb background_color=\u00bb#203478&#8243; custom_padding=\u00bb42px||42px||true|\u00bb saved_tabs=\u00bball\u00bb global_colors_info=\u00bb{}\u00bb][et_pb_row _builder_version=\u00bb4.24.2&#8243; _module_preset=\u00bbdefault\u00bb global_colors_info=\u00bb{}\u00bb][et_pb_column type=\u00bb4_4&#8243; _builder_version=\u00bb4.24.2&#8243; _module_preset=\u00bbdefault\u00bb global_colors_info=\u00bb{}\u00bb][et_pb_text _builder_version=\u00bb4.24.2&#8243; _dynamic_attributes=\u00bbcontent\u00bb _module_preset=\u00bbdefault\u00bb header_font=\u00bb|700|||||||\u00bb header_text_color=\u00bb#FFFFFF\u00bb header_font_size=\u00bb38px\u00bb header_font_size_tablet=\u00bb34px\u00bb header_font_size_phone=\u00bb30px\u00bb header_font_size_last_edited=\u00bbon|phone\u00bb global_colors_info=\u00bb{}\u00bb]@ET-DC@eyJkeW5hbWljIjp0cnVlLCJjb250ZW50IjoicG9zdF90aXRsZSIsInNldHRpbmdzIjp7ImJlZm9yZSI6IjxoMT4iLCJhZnRlciI6IjwvaDE+IiwiZW5hYmxlX2h0bWwiOiJvZmYifX0=@[\/et_pb_text][\/et_pb_column][\/et_pb_row][\/et_pb_section][et_pb_section fb_built=\u00bb1&#8243; _builder_version=\u00bb4.24.2&#8243; _module_preset=\u00bbdefault\u00bb global_colors_info=\u00bb{}\u00bb][et_pb_row column_structure=\u00bb1_2,1_2&#8243; _builder_version=\u00bb4.24.2&#8243; _module_preset=\u00bbdefault\u00bb global_colors_info=\u00bb{}\u00bb][et_pb_column type=\u00bb1_2&#8243; _builder_version=\u00bb4.24.2&#8243; _module_preset=\u00bbdefault\u00bb global_colors_info=\u00bb{}\u00bb][et_pb_text _builder_version=\u00bb4.24.2&#8243; _module_preset=\u00bbdefault\u00bb header_2_text_align=\u00bbleft\u00bb header_2_text_color=\u00bb#D4006C\u00bb header_2_font_size=\u00bb40px\u00bb header_2_line_height=\u00bb1.2em\u00bb custom_margin=\u00bb||13px|||\u00bb locked=\u00bboff\u00bb global_colors_info=\u00bb{}\u00bb]<\/p>\n<h2><strong>Curr\u00edculum ciego<\/strong><\/h2>\n<p>[\/et_pb_text][et_pb_text _builder_version=\u00bb4.24.2&#8243; _module_preset=\u00bbdefault\u00bb global_colors_info=\u00bb{}\u00bb]<\/p>\n<p><strong>m\u00d3n d&#8217;animaci\u00d3<\/strong> ha desarrollado un <strong>curr\u00edculum an\u00f3nimo para mejorar el proceso de selecci\u00f3n de personal<\/strong>, centr\u00e1ndose exclusivamente en la experiencia y la formaci\u00f3n. Esta iniciativa tiene como objetivo eliminar posibles prejuicios de g\u00e9nero y promover la igualdad de oportunidades.<\/p>\n<p>Para conseguir esto, se han llevado a cabo las siguientes acciones:<\/p>\n<p><strong>1.<\/strong> Establecer criterios de puntuaci\u00f3n objetivos basados en la experiencia, la formaci\u00f3n y las competencias personales y profesionales.<\/p>\n<p><strong>2.<\/strong> Definir los criterios m\u00e1s relevantes para cada oferta de trabajo en concreto, los cuales tendr\u00e1n mayor peso en el proceso de selecci\u00f3n.<\/p>\n<p><strong>3.<\/strong> Eliminar cualquier prejuicio de g\u00e9nero que pueda surgir durante el proceso de selecci\u00f3n, especialmente desde la fase de entrevista.<\/p>\n<p>[\/et_pb_text][et_pb_button button_url=\u00bbhttps:\/\/www.mondanimacio.com\/wp-content\/uploads\/2024\/04\/Modelo-de-curriculum-ciego.docx\u00bb url_new_window=\u00bbon\u00bb button_text=\u00bbDescargar CV ciego\u00bb _builder_version=\u00bb4.24.2&#8243; _module_preset=\u00bbdefault\u00bb custom_button=\u00bbon\u00bb button_text_size=\u00bb16px\u00bb button_text_color=\u00bb#FFFFFF\u00bb button_bg_color=\u00bb#D4006C\u00bb button_border_width=\u00bb0px\u00bb button_border_radius=\u00bb61px\u00bb button_icon=\u00bb&#x22;||divi||400&#8243; hover_enabled=\u00bb0&#8243; locked=\u00bboff\u00bb global_colors_info=\u00bb{}\u00bb sticky_enabled=\u00bb0&#8243;][\/et_pb_button][\/et_pb_column][et_pb_column type=\u00bb1_2&#8243; _builder_version=\u00bb4.24.2&#8243; _module_preset=\u00bbdefault\u00bb global_colors_info=\u00bb{}\u00bb][et_pb_text _builder_version=\u00bb4.24.2&#8243; _module_preset=\u00bbdefault\u00bb global_colors_info=\u00bb{}\u00bb]<\/p>\n<p class=\"wpcf7-contact-form-not-found\"><strong>Error:<\/strong> Formulario de contacto no encontrado.<\/p>\n<p>[\/et_pb_text][\/et_pb_column][\/et_pb_row][\/et_pb_section]<\/p>\n","protected":false},"excerpt":{"rendered":"<p>Curr\u00edculum ciegom\u00d3n d&#8217;animaci\u00d3 ha desarrollado un curr\u00edculum an\u00f3nimo para mejorar el proceso de selecci\u00f3n de personal, centr\u00e1ndose exclusivamente en la experiencia y la formaci\u00f3n. Esta iniciativa tiene como objetivo eliminar posibles prejuicios de g\u00e9nero y promover la igualdad de oportunidades. Para conseguir esto, se han llevado a cabo las siguientes acciones: 1. Establecer criterios de [&hellip;]<\/p>\n","protected":false},"author":1,"featured_media":0,"parent":0,"menu_order":0,"comment_status":"closed","ping_status":"closed","template":"","meta":{"_et_pb_use_builder":"on","_et_pb_old_content":"","_et_gb_content_width":"","footnotes":""},"class_list":["post-71526","page","type-page","status-publish","hentry"],"_links":{"self":[{"href":"https:\/\/www.mondanimacio.com\/es\/wp-json\/wp\/v2\/pages\/71526","targetHints":{"allow":["GET"]}}],"collection":[{"href":"https:\/\/www.mondanimacio.com\/es\/wp-json\/wp\/v2\/pages"}],"about":[{"href":"https:\/\/www.mondanimacio.com\/es\/wp-json\/wp\/v2\/types\/page"}],"author":[{"embeddable":true,"href":"https:\/\/www.mondanimacio.com\/es\/wp-json\/wp\/v2\/users\/1"}],"replies":[{"embeddable":true,"href":"https:\/\/www.mondanimacio.com\/es\/wp-json\/wp\/v2\/comments?post=71526"}],"version-history":[{"count":3,"href":"https:\/\/www.mondanimacio.com\/es\/wp-json\/wp\/v2\/pages\/71526\/revisions"}],"predecessor-version":[{"id":71536,"href":"https:\/\/www.mondanimacio.com\/es\/wp-json\/wp\/v2\/pages\/71526\/revisions\/71536"}],"wp:attachment":[{"href":"https:\/\/www.mondanimacio.com\/es\/wp-json\/wp\/v2\/media?parent=71526"}],"curies":[{"name":"wp","href":"https:\/\/api.w.org\/{rel}","templated":true}]}}